{"id":867,"date":"2022-09-05T21:49:14","date_gmt":"2022-09-05T20:49:14","guid":{"rendered":"https:\/\/www.flashcleaner.digimarketingweb.it\/certificazioni\/"},"modified":"2023-03-20T20:26:21","modified_gmt":"2023-03-20T20:26:21","slug":"certificazioni","status":"publish","type":"page","link":"https:\/\/flashcleanermachine.com\/it\/certificazioni\/","title":{"rendered":"Certificazioni"},"content":{"rendered":"\t\t<div data-elementor-type=\"wp-page\" data-elementor-id=\"867\" class=\"elementor elementor-867 elementor-171\" data-elementor-post-type=\"page\">\n\t\t\t\t\t\t\t\t\t<section class=\"elementor-section elementor-top-section elementor-element elementor-element-f8ebeca elementor-section-boxed elementor-section-height-default elementor-section-height-default\" data-id=\"f8ebeca\" data-element_type=\"section\" data-settings=\"{&quot;background_background&quot;:&quot;classic&quot;}\">\n\t\t\t\t\t\t<div class=\"elementor-container elementor-column-gap-default\">\n\t\t\t\t\t<div class=\"elementor-column elementor-col-100 elementor-top-column elementor-element elementor-element-6706e2cf\" data-id=\"6706e2cf\" data-element_type=\"column\">\n\t\t\t<div class=\"elementor-widget-wrap elementor-element-populated\">\n\t\t\t\t\t\t\t\t<div class=\"elementor-element elementor-element-7eefcf0b elementor-widget elementor-widget-heading\" data-id=\"7eefcf0b\" data-element_type=\"widget\" data-widget_type=\"heading.default\">\n\t\t\t\t<div class=\"elementor-widget-container\">\n\t\t\t<style>\/*! elementor - v3.15.0 - 20-08-2023 *\/\n.elementor-heading-title{padding:0;margin:0;line-height:1}.elementor-widget-heading .elementor-heading-title[class*=elementor-size-]>a{color:inherit;font-size:inherit;line-height:inherit}.elementor-widget-heading .elementor-heading-title.elementor-size-small{font-size:15px}.elementor-widget-heading .elementor-heading-title.elementor-size-medium{font-size:19px}.elementor-widget-heading .elementor-heading-title.elementor-size-large{font-size:29px}.elementor-widget-heading .elementor-heading-title.elementor-size-xl{font-size:39px}.elementor-widget-heading .elementor-heading-title.elementor-size-xxl{font-size:59px}<\/style><div class=\"elementor-heading-title elementor-size-default\">Le Nostre Certificazioni<\/div>\t\t<\/div>\n\t\t\t\t<\/div>\n\t\t\t\t<div class=\"elementor-element elementor-element-6ee6eb64 elementor-widget elementor-widget-text-editor\" data-id=\"6ee6eb64\" data-element_type=\"widget\" data-widget_type=\"text-editor.default\">\n\t\t\t\t<div class=\"elementor-widget-container\">\n\t\t\t<style>\/*! elementor - v3.15.0 - 20-08-2023 *\/\n.elementor-widget-text-editor.elementor-drop-cap-view-stacked .elementor-drop-cap{background-color:#69727d;color:#fff}.elementor-widget-text-editor.elementor-drop-cap-view-framed .elementor-drop-cap{color:#69727d;border:3px solid;background-color:transparent}.elementor-widget-text-editor:not(.elementor-drop-cap-view-default) .elementor-drop-cap{margin-top:8px}.elementor-widget-text-editor:not(.elementor-drop-cap-view-default) .elementor-drop-cap-letter{width:1em;height:1em}.elementor-widget-text-editor .elementor-drop-cap{float:left;text-align:center;line-height:1;font-size:50px}.elementor-widget-text-editor .elementor-drop-cap-letter{display:inline-block}<\/style>\t\t\t\t<p>Home \/ Certificazioni<\/p>\n\t\t\t\t\t\t<\/div>\n\t\t\t\t<\/div>\n\t\t\t\t\t<\/div>\n\t\t<\/div>\n\t\t\t\t\t\t\t<\/div>\n\t\t<\/section>\n\t\t\t\t<section class=\"elementor-section elementor-top-section elementor-element elementor-element-b507218 elementor-section-boxed elementor-section-height-default elementor-section-height-default\" data-id=\"b507218\" data-element_type=\"section\">\n\t\t\t\t\t\t<div class=\"elementor-container elementor-column-gap-default\">\n\t\t\t\t\t<div class=\"elementor-column elementor-col-100 elementor-top-column elementor-element elementor-element-7571a50b\" data-id=\"7571a50b\" data-element_type=\"column\">\n\t\t\t<div class=\"elementor-widget-wrap elementor-element-populated\">\n\t\t\t\t\t\t\t\t<div class=\"elementor-element elementor-element-56e76551 elementor-widget elementor-widget-text-editor\" data-id=\"56e76551\" data-element_type=\"widget\" data-widget_type=\"text-editor.default\">\n\t\t\t\t<div class=\"elementor-widget-container\">\n\t\t\t\t\t\t\t<p>Le certificazioni che attestano la qualit\u00e0 e le potenzialit\u00e0 dei nostri macchinari.<\/p>\n\t\t\t\t\t\t<\/div>\n\t\t\t\t<\/div>\n\t\t\t\t<section class=\"elementor-section elementor-inner-section elementor-element elementor-element-f6a26ca elementor-section-boxed elementor-section-height-default elementor-section-height-default\" data-id=\"f6a26ca\" data-element_type=\"section\">\n\t\t\t\t\t\t<div class=\"elementor-container elementor-column-gap-default\">\n\t\t\t\t\t<div class=\"elementor-column elementor-col-33 elementor-inner-column elementor-element elementor-element-7d1dd9e7\" data-id=\"7d1dd9e7\" data-element_type=\"column\">\n\t\t\t<div class=\"elementor-widget-wrap elementor-element-populated\">\n\t\t\t\t\t\t\t\t<div class=\"elementor-element elementor-element-405d4881 elementor-position-top elementor-widget elementor-widget-image-box\" data-id=\"405d4881\" data-element_type=\"widget\" data-widget_type=\"image-box.default\">\n\t\t\t\t<div class=\"elementor-widget-container\">\n\t\t\t<style>.elementor-widget-image-box .elementor-image-box-content{width:100%}@media (min-width:768px){.elementor-widget-image-box.elementor-position-left .elementor-image-box-wrapper,.elementor-widget-image-box.elementor-position-right .elementor-image-box-wrapper{display:flex}.elementor-widget-image-box.elementor-position-right .elementor-image-box-wrapper{text-align:right;flex-direction:row-reverse}.elementor-widget-image-box.elementor-position-left .elementor-image-box-wrapper{text-align:left;flex-direction:row}.elementor-widget-image-box.elementor-position-top .elementor-image-box-img{margin:auto}.elementor-widget-image-box.elementor-vertical-align-top .elementor-image-box-wrapper{align-items:flex-start}.elementor-widget-image-box.elementor-vertical-align-middle .elementor-image-box-wrapper{align-items:center}.elementor-widget-image-box.elementor-vertical-align-bottom .elementor-image-box-wrapper{align-items:flex-end}}@media (max-width:767px){.elementor-widget-image-box .elementor-image-box-img{margin-left:auto!important;margin-right:auto!important;margin-bottom:15px}}.elementor-widget-image-box .elementor-image-box-img{display:inline-block}.elementor-widget-image-box .elementor-image-box-title a{color:inherit}.elementor-widget-image-box .elementor-image-box-wrapper{text-align:center}.elementor-widget-image-box .elementor-image-box-description{margin:0}<\/style><div class=\"elementor-image-box-wrapper\"><figure class=\"elementor-image-box-img\"><img decoding=\"async\" src=\"https:\/\/flashcleanermachine.com\/wp-content\/uploads\/elementor\/thumbs\/Certificato-320x453-1-pxfkq8763fkckmtnppssof313eceipci82n7jpp62o.jpg\" title=\"Certificato-320&#215;453\" alt=\"Certificato-320x453\" loading=\"lazy\" \/><\/figure><div class=\"elementor-image-box-content\"><h4 class=\"elementor-image-box-title\">TUV NORD ITALIA<\/h4><p class=\"elementor-image-box-description\">Certificazione di conformit\u00e0 e qualit\u00e0 del prodotto Flash Cleaner Machine rilasciata dalla pi\u00f9 grande azienda mondiale nel campo di certificazioni e ispezioni industriali.<\/p><\/div><\/div>\t\t<\/div>\n\t\t\t\t<\/div>\n\t\t\t\t\t<\/div>\n\t\t<\/div>\n\t\t\t\t<div class=\"elementor-column elementor-col-33 elementor-inner-column elementor-element elementor-element-c9010e1\" data-id=\"c9010e1\" data-element_type=\"column\">\n\t\t\t<div class=\"elementor-widget-wrap elementor-element-populated\">\n\t\t\t\t\t\t\t\t<div class=\"elementor-element elementor-element-ed7039d elementor-position-top elementor-widget elementor-widget-image-box\" data-id=\"ed7039d\" data-element_type=\"widget\" data-widget_type=\"image-box.default\">\n\t\t\t\t<div class=\"elementor-widget-container\">\n\t\t\t<div class=\"elementor-image-box-wrapper\"><figure class=\"elementor-image-box-img\"><img decoding=\"async\" src=\"https:\/\/flashcleanermachine.com\/wp-content\/uploads\/elementor\/thumbs\/liqtech1-1-scaled-pxfkt3lez7hw1qngxyhraozqfs6s1eqzaaemc5fv28.jpg\" title=\"liqtech1-1\" alt=\"liqtech1-1\" loading=\"lazy\" \/><\/figure><div class=\"elementor-image-box-content\"><h4 class=\"elementor-image-box-title\">LIQTECH<\/h4><p class=\"elementor-image-box-description\">Certificazione sull\u2019integrit\u00e0 fisica e sulle prestazioni del FAP\/DPF dopo la pulizia con Flash Cleaner Machine, rilasciato da Liqtech, azienda leader nello sviluppo e produzione di filtri antiparticolato\n<\/p><\/div><\/div>\t\t<\/div>\n\t\t\t\t<\/div>\n\t\t\t\t\t<\/div>\n\t\t<\/div>\n\t\t\t\t<div class=\"elementor-column elementor-col-33 elementor-inner-column elementor-element elementor-element-7741453\" data-id=\"7741453\" data-element_type=\"column\">\n\t\t\t<div class=\"elementor-widget-wrap elementor-element-populated\">\n\t\t\t\t\t\t\t\t<div class=\"elementor-element elementor-element-9d0adbd elementor-position-top elementor-widget elementor-widget-image-box\" data-id=\"9d0adbd\" data-element_type=\"widget\" data-widget_type=\"image-box.default\">\n\t\t\t\t<div class=\"elementor-widget-container\">\n\t\t\t<div class=\"elementor-image-box-wrapper\"><figure class=\"elementor-image-box-img\"><img decoding=\"async\" src=\"https:\/\/flashcleanermachine.com\/wp-content\/uploads\/elementor\/thumbs\/umicore-pxfl73ewqenkwqbn809sf5usub7in6b3vk2vkgouf4.jpg\" title=\"umicore\" alt=\"umicore\" loading=\"lazy\" \/><\/figure><div class=\"elementor-image-box-content\"><h4 class=\"elementor-image-box-title\">UMICORE<\/h4><p class=\"elementor-image-box-description\">L\u2019azienda leader nella costruzione di catalizzatori ha eseguito un test che mette a confronto un DPF nuovo e uno pulito con Flash Cleaner Machine.\n\n<\/p><\/div><\/div>\t\t<\/div>\n\t\t\t\t<\/div>\n\t\t\t\t\t<\/div>\n\t\t<\/div>\n\t\t\t\t\t\t\t<\/div>\n\t\t<\/section>\n\t\t\t\t<section class=\"elementor-section elementor-inner-section elementor-element elementor-element-e90c33f elementor-section-boxed elementor-section-height-default elementor-section-height-default\" data-id=\"e90c33f\" data-element_type=\"section\">\n\t\t\t\t\t\t<div class=\"elementor-container elementor-column-gap-default\">\n\t\t\t\t\t<div class=\"elementor-column elementor-col-33 elementor-inner-column elementor-element elementor-element-4895b94\" data-id=\"4895b94\" data-element_type=\"column\">\n\t\t\t<div class=\"elementor-widget-wrap elementor-element-populated\">\n\t\t\t\t\t\t\t\t<div class=\"elementor-element elementor-element-19ec177 elementor-position-top elementor-widget elementor-widget-image-box\" data-id=\"19ec177\" data-element_type=\"widget\" data-widget_type=\"image-box.default\">\n\t\t\t\t<div class=\"elementor-widget-container\">\n\t\t\t<div class=\"elementor-image-box-wrapper\"><figure class=\"elementor-image-box-img\"><img decoding=\"async\" src=\"https:\/\/flashcleanermachine.com\/wp-content\/uploads\/elementor\/thumbs\/analisi_fumi-1-pxfl8mvdxmrhxq33868s09uzw1m69bf9r6kivsem80.jpg\" title=\"analisi_fumi-1\" alt=\"analisi_fumi-1\" loading=\"lazy\" \/><\/figure><div class=\"elementor-image-box-content\"><h4 class=\"elementor-image-box-title\">OFFICINA AUTOTECHNIQUE<\/h4><p class=\"elementor-image-box-description\">Analisi delle emissioni di un filtro antiparticolato dopo la pulizia con Flash Cleaner Machine<\/p><\/div><\/div>\t\t<\/div>\n\t\t\t\t<\/div>\n\t\t\t\t\t<\/div>\n\t\t<\/div>\n\t\t\t\t<div class=\"elementor-column elementor-col-33 elementor-inner-column elementor-element elementor-element-53608a0\" data-id=\"53608a0\" data-element_type=\"column\">\n\t\t\t<div class=\"elementor-widget-wrap elementor-element-populated\">\n\t\t\t\t\t\t\t\t<div class=\"elementor-element elementor-element-fb91e16 elementor-position-top elementor-widget elementor-widget-image-box\" data-id=\"fb91e16\" data-element_type=\"widget\" data-widget_type=\"image-box.default\">\n\t\t\t\t<div class=\"elementor-widget-container\">\n\t\t\t<div class=\"elementor-image-box-wrapper\"><figure class=\"elementor-image-box-img\"><img decoding=\"async\" src=\"https:\/\/flashcleanermachine.com\/wp-content\/uploads\/elementor\/thumbs\/1-1-pxflff9fak21sc83l3vs0k6uc85lumdhcs6rnqc9a8.jpg\" title=\"1-1\" alt=\"1-1\" loading=\"lazy\" \/><\/figure><div class=\"elementor-image-box-content\"><h4 class=\"elementor-image-box-title\">UNIVERSIT\u00c0 TOR VERGATA DI ROMA<\/h4><p class=\"elementor-image-box-description\">Analisi della contropressione del filtro antiparticolato dopo la lavorazione con Flash Cleaner Machine\n\n<\/p><\/div><\/div>\t\t<\/div>\n\t\t\t\t<\/div>\n\t\t\t\t\t<\/div>\n\t\t<\/div>\n\t\t\t\t<div class=\"elementor-column elementor-col-33 elementor-inner-column elementor-element elementor-element-c3ebded\" data-id=\"c3ebded\" data-element_type=\"column\">\n\t\t\t<div class=\"elementor-widget-wrap\">\n\t\t\t\t\t\t\t\t\t<\/div>\n\t\t<\/div>\n\t\t\t\t\t\t\t<\/div>\n\t\t<\/section>\n\t\t\t\t\t<\/div>\n\t\t<\/div>\n\t\t\t\t\t\t\t<\/div>\n\t\t<\/section>\n\t\t\t\t<section class=\"elementor-section elementor-top-section elementor-element elementor-element-6e49cd9d elementor-section-boxed elementor-section-height-default elementor-section-height-default\" data-id=\"6e49cd9d\" data-element_type=\"section\">\n\t\t\t\t\t\t<div class=\"elementor-container elementor-column-gap-default\">\n\t\t\t\t\t<div class=\"elementor-column elementor-col-33 elementor-top-column elementor-element elementor-element-2f47449\" data-id=\"2f47449\" data-element_type=\"column\">\n\t\t\t<div class=\"elementor-widget-wrap elementor-element-populated\">\n\t\t\t\t\t\t\t\t<div class=\"elementor-element elementor-element-6bbb6707 elementor-widget elementor-widget-heading\" data-id=\"6bbb6707\" data-element_type=\"widget\" data-widget_type=\"heading.default\">\n\t\t\t\t<div class=\"elementor-widget-container\">\n\t\t\t<h2 class=\"elementor-heading-title elementor-size-default\">Perch\u00e9 Scegliere Nuova AFR?<\/h2>\t\t<\/div>\n\t\t\t\t<\/div>\n\t\t\t\t<div class=\"elementor-element elementor-element-e5d50f2 elementor-widget elementor-widget-text-editor\" data-id=\"e5d50f2\" data-element_type=\"widget\" data-widget_type=\"text-editor.default\">\n\t\t\t\t<div class=\"elementor-widget-container\">\n\t\t\t\t\t\t\t<p>Siamo stati i primi in tutto il mondo ad utilizzare l\u2019acqua per rigenerare i Filtri Antiparticolato Diesel, rivoluzionando il mercato globale.<\/p>\n\t\t\t\t\t\t<\/div>\n\t\t\t\t<\/div>\n\t\t\t\t<div class=\"elementor-element elementor-element-579f369e elementor-widget elementor-widget-text-editor\" data-id=\"579f369e\" data-element_type=\"widget\" data-widget_type=\"text-editor.default\">\n\t\t\t\t<div class=\"elementor-widget-container\">\n\t\t\t\t\t\t\t<p>Grazie alla nostra esperienza come costruttori e come operatori del settore abbiamo conquistato la fiducia di centinaia di specialisti del DPF che oggi sono nostri affezionati clienti e collaboratori.<\/p>\n\t\t\t\t\t\t<\/div>\n\t\t\t\t<\/div>\n\t\t\t\t<div class=\"elementor-element elementor-element-d6abbd3 elementor-align-left elementor-widget elementor-widget-button\" data-id=\"d6abbd3\" data-element_type=\"widget\" data-widget_type=\"button.default\">\n\t\t\t\t<div class=\"elementor-widget-container\">\n\t\t\t\t\t<div class=\"elementor-button-wrapper\">\n\t\t\t<a class=\"elementor-button elementor-button-link elementor-size-sm\" href=\"https:\/\/flashcleanermachine.com\/it\/contatti\/\">\n\t\t\t\t\t\t<span class=\"elementor-button-content-wrapper\">\n\t\t\t\t\t\t<span class=\"elementor-button-text\">Contattaci<\/span>\n\t\t<\/span>\n\t\t\t\t\t<\/a>\n\t\t<\/div>\n\t\t\t\t<\/div>\n\t\t\t\t<\/div>\n\t\t\t\t\t<\/div>\n\t\t<\/div>\n\t\t\t\t<div class=\"elementor-column elementor-col-33 elementor-top-column elementor-element elementor-element-1ef39474 elementor-hidden-tablet elementor-hidden-mobile_extra elementor-hidden-mobile\" data-id=\"1ef39474\" data-element_type=\"column\">\n\t\t\t<div class=\"elementor-widget-wrap elementor-element-populated\">\n\t\t\t\t\t\t\t\t<div class=\"elementor-element elementor-element-29545f93 elementor-widget elementor-widget-image\" data-id=\"29545f93\" data-element_type=\"widget\" data-widget_type=\"image.default\">\n\t\t\t\t<div class=\"elementor-widget-container\">\n\t\t\t<style>\/*! elementor - v3.15.0 - 20-08-2023 *\/\n.elementor-widget-image{text-align:center}.elementor-widget-image a{display:inline-block}.elementor-widget-image a img[src$=\".svg\"]{width:48px}.elementor-widget-image img{vertical-align:middle;display:inline-block}<\/style>\t\t\t\t\t\t\t\t\t\t\t\t<img loading=\"lazy\" decoding=\"async\" width=\"463\" height=\"654\" src=\"https:\/\/flashcleanermachine.com\/wp-content\/uploads\/2023\/03\/perche-nuova-afr.jpg\" class=\"attachment-full size-full wp-image-865\" alt=\"\" srcset=\"https:\/\/flashcleanermachine.com\/wp-content\/uploads\/2023\/03\/perche-nuova-afr.jpg 463w, https:\/\/flashcleanermachine.com\/wp-content\/uploads\/2023\/03\/perche-nuova-afr-212x300.jpg 212w\" sizes=\"auto, (max-width: 463px) 100vw, 463px\" \/>\t\t\t\t\t\t\t\t\t\t\t\t\t\t\t<\/div>\n\t\t\t\t<\/div>\n\t\t\t\t\t<\/div>\n\t\t<\/div>\n\t\t\t\t<div class=\"elementor-column elementor-col-33 elementor-top-column elementor-element elementor-element-7bbcadb2\" data-id=\"7bbcadb2\" data-element_type=\"column\">\n\t\t\t<div class=\"elementor-widget-wrap elementor-element-populated\">\n\t\t\t\t\t\t\t\t<section class=\"elementor-section elementor-inner-section elementor-element elementor-element-46465689 elementor-section-boxed elementor-section-height-default elementor-section-height-default\" data-id=\"46465689\" data-element_type=\"section\">\n\t\t\t\t\t\t<div class=\"elementor-container elementor-column-gap-default\">\n\t\t\t\t\t<div class=\"elementor-column elementor-col-50 elementor-inner-column elementor-element elementor-element-562a6733\" data-id=\"562a6733\" data-element_type=\"column\">\n\t\t\t<div class=\"elementor-widget-wrap elementor-element-populated\">\n\t\t\t\t\t\t\t\t<div class=\"elementor-element elementor-element-6299f534 elementor-widget elementor-widget-image\" data-id=\"6299f534\" data-element_type=\"widget\" data-widget_type=\"image.default\">\n\t\t\t\t<div class=\"elementor-widget-container\">\n\t\t\t\t\t\t\t\t\t\t\t\t\t\t\t<img loading=\"lazy\" decoding=\"async\" width=\"27\" height=\"27\" src=\"https:\/\/flashcleanermachine.com\/wp-content\/uploads\/2022\/09\/Home1icon1-1.png\" class=\"attachment-full size-full wp-image-674\" alt=\"\" \/>\t\t\t\t\t\t\t\t\t\t\t\t\t\t\t<\/div>\n\t\t\t\t<\/div>\n\t\t\t\t\t<\/div>\n\t\t<\/div>\n\t\t\t\t<div class=\"elementor-column elementor-col-50 elementor-inner-column elementor-element elementor-element-b2e1ecd\" data-id=\"b2e1ecd\" data-element_type=\"column\">\n\t\t\t<div class=\"elementor-widget-wrap elementor-element-populated\">\n\t\t\t\t\t\t\t\t<div class=\"elementor-element elementor-element-168eee85 elementor-widget elementor-widget-heading\" data-id=\"168eee85\" data-element_type=\"widget\" data-widget_type=\"heading.default\">\n\t\t\t\t<div class=\"elementor-widget-container\">\n\t\t\t<h6 class=\"elementor-heading-title elementor-size-default\">Clienti soddisfatti<\/h6>\t\t<\/div>\n\t\t\t\t<\/div>\n\t\t\t\t<div class=\"elementor-element elementor-element-3575f4ea elementor-widget elementor-widget-text-editor\" data-id=\"3575f4ea\" data-element_type=\"widget\" data-widget_type=\"text-editor.default\">\n\t\t\t\t<div class=\"elementor-widget-container\">\n\t\t\t\t\t\t\t<p>I nostri clienti soddisfatti sono il nostro miglior biglietto da visita<\/p>\n\t\t\t\t\t\t<\/div>\n\t\t\t\t<\/div>\n\t\t\t\t\t<\/div>\n\t\t<\/div>\n\t\t\t\t\t\t\t<\/div>\n\t\t<\/section>\n\t\t\t\t<section class=\"elementor-section elementor-inner-section elementor-element elementor-element-3142b1dd elementor-section-boxed elementor-section-height-default elementor-section-height-default\" data-id=\"3142b1dd\" data-element_type=\"section\">\n\t\t\t\t\t\t<div class=\"elementor-container elementor-column-gap-default\">\n\t\t\t\t\t<div class=\"elementor-column elementor-col-50 elementor-inner-column elementor-element elementor-element-4c6462b6\" data-id=\"4c6462b6\" data-element_type=\"column\">\n\t\t\t<div class=\"elementor-widget-wrap elementor-element-populated\">\n\t\t\t\t\t\t\t\t<div class=\"elementor-element elementor-element-45ac5165 elementor-widget elementor-widget-image\" data-id=\"45ac5165\" data-element_type=\"widget\" data-widget_type=\"image.default\">\n\t\t\t\t<div class=\"elementor-widget-container\">\n\t\t\t\t\t\t\t\t\t\t\t\t\t\t\t<img loading=\"lazy\" decoding=\"async\" width=\"27\" height=\"27\" src=\"https:\/\/flashcleanermachine.com\/wp-content\/uploads\/2022\/09\/Home1icon2-1.png\" class=\"attachment-full size-full wp-image-675\" alt=\"\" \/>\t\t\t\t\t\t\t\t\t\t\t\t\t\t\t<\/div>\n\t\t\t\t<\/div>\n\t\t\t\t\t<\/div>\n\t\t<\/div>\n\t\t\t\t<div class=\"elementor-column elementor-col-50 elementor-inner-column elementor-element elementor-element-2f2ba7c9\" data-id=\"2f2ba7c9\" data-element_type=\"column\">\n\t\t\t<div class=\"elementor-widget-wrap elementor-element-populated\">\n\t\t\t\t\t\t\t\t<div class=\"elementor-element elementor-element-43784226 elementor-widget elementor-widget-heading\" data-id=\"43784226\" data-element_type=\"widget\" data-widget_type=\"heading.default\">\n\t\t\t\t<div class=\"elementor-widget-container\">\n\t\t\t<h6 class=\"elementor-heading-title elementor-size-default\">Supporto Costante<\/h6>\t\t<\/div>\n\t\t\t\t<\/div>\n\t\t\t\t<div class=\"elementor-element elementor-element-7d7d3dc3 elementor-widget elementor-widget-text-editor\" data-id=\"7d7d3dc3\" data-element_type=\"widget\" data-widget_type=\"text-editor.default\">\n\t\t\t\t<div class=\"elementor-widget-container\">\n\t\t\t\t\t\t\t<p>Supportiamo i nostri clienti durante ogni fase: dall\u2019acquisto al post-vendita. Ci interfacciamo ogni giorno con i nostri clienti per scambiare suggerimenti e opinioni<\/p>\n\t\t\t\t\t\t<\/div>\n\t\t\t\t<\/div>\n\t\t\t\t\t<\/div>\n\t\t<\/div>\n\t\t\t\t\t\t\t<\/div>\n\t\t<\/section>\n\t\t\t\t<section class=\"elementor-section elementor-inner-section elementor-element elementor-element-6625962c elementor-section-boxed elementor-section-height-default elementor-section-height-default\" data-id=\"6625962c\" data-element_type=\"section\">\n\t\t\t\t\t\t<div class=\"elementor-container elementor-column-gap-default\">\n\t\t\t\t\t<div class=\"elementor-column elementor-col-50 elementor-inner-column elementor-element elementor-element-4541b110\" data-id=\"4541b110\" data-element_type=\"column\">\n\t\t\t<div class=\"elementor-widget-wrap elementor-element-populated\">\n\t\t\t\t\t\t\t\t<div class=\"elementor-element elementor-element-391c3d14 elementor-widget elementor-widget-image\" data-id=\"391c3d14\" data-element_type=\"widget\" data-widget_type=\"image.default\">\n\t\t\t\t<div class=\"elementor-widget-container\">\n\t\t\t\t\t\t\t\t\t\t\t\t\t\t\t<img loading=\"lazy\" decoding=\"async\" width=\"27\" height=\"27\" src=\"https:\/\/flashcleanermachine.com\/wp-content\/uploads\/2022\/09\/check-green.png\" class=\"attachment-full size-full wp-image-758\" alt=\"\" \/>\t\t\t\t\t\t\t\t\t\t\t\t\t\t\t<\/div>\n\t\t\t\t<\/div>\n\t\t\t\t\t<\/div>\n\t\t<\/div>\n\t\t\t\t<div class=\"elementor-column elementor-col-50 elementor-inner-column elementor-element elementor-element-529a6d3d\" data-id=\"529a6d3d\" data-element_type=\"column\">\n\t\t\t<div class=\"elementor-widget-wrap elementor-element-populated\">\n\t\t\t\t\t\t\t\t<div class=\"elementor-element elementor-element-67df5374 elementor-widget elementor-widget-heading\" data-id=\"67df5374\" data-element_type=\"widget\" data-widget_type=\"heading.default\">\n\t\t\t\t<div class=\"elementor-widget-container\">\n\t\t\t<h6 class=\"elementor-heading-title elementor-size-default\">Spedizioni Espresse<\/h6>\t\t<\/div>\n\t\t\t\t<\/div>\n\t\t\t\t<div class=\"elementor-element elementor-element-3bf6921 elementor-widget elementor-widget-text-editor\" data-id=\"3bf6921\" data-element_type=\"widget\" data-widget_type=\"text-editor.default\">\n\t\t\t\t<div class=\"elementor-widget-container\">\n\t\t\t\t\t\t\t<p>In caso di bisogno, abbiamo sempre nel nostro magazzino tutte le parti di ricambio disponibili per pronta consegna. Ci affidiamo a corrieri espressi che consegnano in tutto il mondo<\/p>\n\t\t\t\t\t\t<\/div>\n\t\t\t\t<\/div>\n\t\t\t\t\t<\/div>\n\t\t<\/div>\n\t\t\t\t\t\t\t<\/div>\n\t\t<\/section>\n\t\t\t\t\t<\/div>\n\t\t<\/div>\n\t\t\t\t\t\t\t<\/div>\n\t\t<\/section>\n\t\t\t\t\t\t\t<\/div>\n\t\t","protected":false},"excerpt":{"rendered":"<p>Le Nostre Certificazioni Home \/ Certificazioni Le certificazioni che attestano la qualit\u00e0 e le potenzialit\u00e0 dei nostri macchinari. TUV NORD ITALIA Certificazione di conformit\u00e0 e qualit\u00e0 del prodotto Flash Cleaner Machine rilasciata dalla pi\u00f9 grande azienda mondiale nel campo di certificazioni e ispezioni industriali. LIQTECH Certificazione sull\u2019integrit\u00e0 fisica e sulle prestazioni del FAP\/DPF dopo la [&hellip;]<\/p>\n","protected":false},"author":1,"featured_media":0,"parent":0,"menu_order":0,"comment_status":"closed","ping_status":"closed","template":"elementor_theme","meta":{"footnotes":""},"class_list":["post-867","page","type-page","status-publish","hentry"],"_links":{"self":[{"href":"https:\/\/flashcleanermachine.com\/it\/wp-json\/wp\/v2\/pages\/867","targetHints":{"allow":["GET"]}}],"collection":[{"href":"https:\/\/flashcleanermachine.com\/it\/wp-json\/wp\/v2\/pages"}],"about":[{"href":"https:\/\/flashcleanermachine.com\/it\/wp-json\/wp\/v2\/types\/page"}],"author":[{"embeddable":true,"href":"https:\/\/flashcleanermachine.com\/it\/wp-json\/wp\/v2\/users\/1"}],"replies":[{"embeddable":true,"href":"https:\/\/flashcleanermachine.com\/it\/wp-json\/wp\/v2\/comments?post=867"}],"version-history":[{"count":4,"href":"https:\/\/flashcleanermachine.com\/it\/wp-json\/wp\/v2\/pages\/867\/revisions"}],"predecessor-version":[{"id":911,"href":"https:\/\/flashcleanermachine.com\/it\/wp-json\/wp\/v2\/pages\/867\/revisions\/911"}],"wp:attachment":[{"href":"https:\/\/flashcleanermachine.com\/it\/wp-json\/wp\/v2\/media?parent=867"}],"curies":[{"name":"wp","href":"https:\/\/api.w.org\/{rel}","templated":true}]}}